{"id":3266,"date":"2017-03-14T15:18:23","date_gmt":"2017-03-14T13:18:23","guid":{"rendered":"https:\/\/toramanmakina.com\/?page_id=3266"},"modified":"2017-03-14T15:18:23","modified_gmt":"2017-03-14T13:18:23","slug":"about-us","status":"publish","type":"page","link":"https:\/\/toramanmakina.com\/en\/about-us\/","title":{"rendered":"About Us"},"content":{"rendered":"<div class=\"be-section         clearfix\" data-headerscheme=\"background--dark\" style=\" \" id = \"hakkimizda1\" ><div class=\"be-section-pad clearfix \" style=\" padding-top:32px;padding-bottom:64px;\" data-padding-top = \"32\"><div  class=\"be-row be-wrap clearfix \"><div  class=\"one-half column-block  no-background    \" data-animation=\"\" style=\"  \"><div class=\"be-custom-column-inner\"><div class=\"special-heading-wrap style3 scrollToFade\" data-animation=\"fadeIn\"><div class=\"special-heading align-center\"><h4 class=\"special-h-tag\" style=\"color: \">About Us<\/h4><\/div><div class=\"caption-wrap\"><h6 style=\"color:#bbbbbb; font-size: 16px;\" class=\"caption \">Toraman Machine History<span class=\"caption-inner\" style=\"background-color:#efefef;\"><\/span><\/h6><\/div><\/div><div class=\"linebreak \" style=\"height:32px;\"><\/div><div class=\"be-text-inner clearfix\" style=\"width: 75%; margin: 0 auto 30px;\"><p style=\"text-align: justify;\">Founded in 1944, our company continues the quality that has been inherited to us as a family business and tradition.<\/p>\n<p style=\"text-align: justify;\">Today, Toraman Machinery has earned a trustworthy and respected place among our business partners with our wealth of experience and knowledge.<\/p>\n<p style=\"text-align: justify;\">Construction, Mining, Chemical and Food industry from the manufacture of individual and auxiliary machines; Spare parts of these machines, and turn-key-based plant installations. In addition to these, we design and manufacture all kinds of machines on order.<\/p>\n<p style=\"text-align: justify;\">Toraman Makina is an establishment specializing in plant and machine projecting.<\/p>\n<\/div><\/div><\/div><div  class=\"one-half column-block  no-background    \" data-animation=\"\" style=\"  \"><div class=\"be-custom-column-inner\"><div class=\"linebreak \" style=\"height:32px;\"><\/div><p><img loading=\"lazy\" decoding=\"async\" class=\"size-full wp-image-3223 aligncenter\" src=\"https:\/\/toramanmakina.com\/wp-content\/uploads\/2015\/05\/kurumsal01.png\" alt=\"kurumsal01\" width=\"479\" height=\"532\" scale=\"0\" srcset=\"https:\/\/toramanmakina.com\/wp-content\/uploads\/2015\/05\/kurumsal01.png 479w, https:\/\/toramanmakina.com\/wp-content\/uploads\/2015\/05\/kurumsal01-270x300.png 270w, https:\/\/toramanmakina.com\/wp-content\/uploads\/2015\/05\/kurumsal01-45x50.png 45w\" sizes=\"(max-width: 479px) 100vw, 479px\" \/><\/p>\n<\/div><\/div><\/div><\/div><\/div><div class=\"be-section         clearfix\" data-headerscheme=\"background--light\" style=\" \"  ><div class=\"be-section-pad clearfix \" style=\" padding-top:0px;padding-bottom:0px;\" data-padding-top = \"0\"><div  class=\"be-row  zero-bottom be-no-space \"><div  class=\"one-half column-block  with-background be-bg-cover    hide-mobile\" data-animation=\"\" style=\"background: url(https:\/\/toramanmakina.com\/wp-content\/uploads\/2016\/02\/turbulatorlu_ogutucu.jpg) no-repeat scroll center right;  \"><div class=\"be-custom-column-inner\"><\/div><\/div><div  class=\"one-half column-block  with-background    \" data-animation=\"\" style=\"background-color: #f2f2f2;  \"><div class=\"be-custom-column-pad\" style=\"padding-top: 10%;padding-right: 10%;padding-bottom: 10%;padding-left: 20%;\"><div class=\"special-subtitle-wrap  0\" style=\"margin-bottom: px;\" data-animation=\"fadeIn\"><div class=\"align-left\"><span class=\"special-subtitle\" style=\"color: #999999; font-size: 22px ; \" >Hikmet Toraman, who is currently carrying the flag, is a mechanical engineer graduated in 1967.<\/span><\/div><\/div><i class=\"icon-strategy title-icon circled medium 0 align-left\" style=\"background-color:;color:#000000;border-color: #000000\" data-animation=\"fadeIn\"><\/i><div class=\"title-with-icon 0 medium circled align-left\" data-animation=\"fadeIn\"><p style=\"text-align: justify;\">America worked with the capital company McKee in the Black Sea Copper Business establishment in the fields of plant layout, factory machine installation, outsourcing projects, after completion of the projects, work site control engineering, machine manufacturing and manufacturing management at Hopa facilities.<\/p>\n<\/div><i class=\"icon-briefcase2 title-icon circled medium 0 align-left\" style=\"background-color:;color:#000000;border-color: #000000\" data-animation=\"fadeIn\"><\/i><div class=\"title-with-icon 0 medium circled align-left\" data-animation=\"fadeIn\"><p style=\"text-align: justify;\">Karab\u00fck Demir \u00c7elik facilities project project, together with the German firm Rheinstahl firm of the project specialist, was the project group supervisor of the crushing screening plant.<\/p>\n<p style=\"text-align: justify;\">Since 1976 he has been managing the Toraman Machinery Manufacturing Industry.<\/p>\n<\/div><\/div><\/div><\/div><\/div><\/div>","protected":false},"excerpt":{"rendered":"<p>About UsToraman Machine HistoryFounded in 1944, our company continues the quality that has been inherited to us as a family business and tradition. Today, Toraman Machinery has earned a trustworthy [&hellip;]<\/p>\n<p><a href=\"https:\/\/toramanmakina.com\/en\/about-us\/\" class=\"more-link style1-button\">Read More<\/a><\/p>","protected":false},"author":2,"featured_media":0,"parent":0,"menu_order":0,"comment_status":"open","ping_status":"open","template":"","meta":{"footnotes":""},"class_list":["post-3266","page","type-page","status-publish","hentry"],"yoast_head":"<!-- This site is optimized with the Yoast SEO plugin v23.6 - https:\/\/yoast.com\/wordpress\/plugins\/seo\/ -->\n<title>About Us - Toraman Makina \u0130malat Sanayii<\/title>\n<meta name=\"robots\" content=\"index, follow, max-snippet:-1, max-image-preview:large, max-video-preview:-1\" \/>\n<link rel=\"canonical\" href=\"https:\/\/toramanmakina.com\/en\/about-us\/\" \/>\n<meta property=\"og:locale\" content=\"en_US\" \/>\n<meta property=\"og:type\" content=\"article\" \/>\n<meta property=\"og:title\" content=\"About Us - Toraman Makina \u0130malat Sanayii\" \/>\n<meta property=\"og:description\" content=\"About UsToraman Machine HistoryFounded in 1944, our company continues the quality that has been inherited to us as a family business and tradition. Today, Toraman Machinery has earned a trustworthy [&hellip;]\" \/>\n<meta property=\"og:url\" content=\"https:\/\/toramanmakina.com\/en\/about-us\/\" \/>\n<meta property=\"og:site_name\" content=\"Toraman Makina \u0130malat Sanayii\" \/>\n<meta name=\"twitter:card\" content=\"summary_large_image\" \/>\n<script type=\"application\/ld+json\" class=\"yoast-schema-graph\">{\"@context\":\"https:\/\/schema.org\",\"@graph\":[{\"@type\":\"WebPage\",\"@id\":\"https:\/\/toramanmakina.com\/en\/about-us\/\",\"url\":\"https:\/\/toramanmakina.com\/en\/about-us\/\",\"name\":\"About Us - Toraman Makina \u0130malat Sanayii\",\"isPartOf\":{\"@id\":\"https:\/\/toramanmakina.com\/#website\"},\"datePublished\":\"2017-03-14T13:18:23+00:00\",\"dateModified\":\"2017-03-14T13:18:23+00:00\",\"breadcrumb\":{\"@id\":\"https:\/\/toramanmakina.com\/en\/about-us\/#breadcrumb\"},\"inLanguage\":\"en-US\",\"potentialAction\":[{\"@type\":\"ReadAction\",\"target\":[\"https:\/\/toramanmakina.com\/en\/about-us\/\"]}]},{\"@type\":\"BreadcrumbList\",\"@id\":\"https:\/\/toramanmakina.com\/en\/about-us\/#breadcrumb\",\"itemListElement\":[{\"@type\":\"ListItem\",\"position\":1,\"name\":\"Ana sayfa\",\"item\":\"https:\/\/toramanmakina.com\/en\/\"},{\"@type\":\"ListItem\",\"position\":2,\"name\":\"About Us\"}]},{\"@type\":\"WebSite\",\"@id\":\"https:\/\/toramanmakina.com\/#website\",\"url\":\"https:\/\/toramanmakina.com\/\",\"name\":\"Toraman Makina \u0130malat Sanayii\",\"description\":\"Maden, \u0130n\u015faat, Kimya ve G\u0131da Sanayii \u00dcretim Makinalar\u0131\",\"potentialAction\":[{\"@type\":\"SearchAction\",\"target\":{\"@type\":\"EntryPoint\",\"urlTemplate\":\"https:\/\/toramanmakina.com\/?s={search_term_string}\"},\"query-input\":{\"@type\":\"PropertyValueSpecification\",\"valueRequired\":true,\"valueName\":\"search_term_string\"}}],\"inLanguage\":\"en-US\"}]}<\/script>\n<!-- \/ Yoast SEO plugin. -->","yoast_head_json":{"title":"About Us - Toraman Makina \u0130malat Sanayii","robots":{"index":"index","follow":"follow","max-snippet":"max-snippet:-1","max-image-preview":"max-image-preview:large","max-video-preview":"max-video-preview:-1"},"canonical":"https:\/\/toramanmakina.com\/en\/about-us\/","og_locale":"en_US","og_type":"article","og_title":"About Us - Toraman Makina \u0130malat Sanayii","og_description":"About UsToraman Machine HistoryFounded in 1944, our company continues the quality that has been inherited to us as a family business and tradition. Today, Toraman Machinery has earned a trustworthy [&hellip;]","og_url":"https:\/\/toramanmakina.com\/en\/about-us\/","og_site_name":"Toraman Makina \u0130malat Sanayii","twitter_card":"summary_large_image","schema":{"@context":"https:\/\/schema.org","@graph":[{"@type":"WebPage","@id":"https:\/\/toramanmakina.com\/en\/about-us\/","url":"https:\/\/toramanmakina.com\/en\/about-us\/","name":"About Us - Toraman Makina \u0130malat Sanayii","isPartOf":{"@id":"https:\/\/toramanmakina.com\/#website"},"datePublished":"2017-03-14T13:18:23+00:00","dateModified":"2017-03-14T13:18:23+00:00","breadcrumb":{"@id":"https:\/\/toramanmakina.com\/en\/about-us\/#breadcrumb"},"inLanguage":"en-US","potentialAction":[{"@type":"ReadAction","target":["https:\/\/toramanmakina.com\/en\/about-us\/"]}]},{"@type":"BreadcrumbList","@id":"https:\/\/toramanmakina.com\/en\/about-us\/#breadcrumb","itemListElement":[{"@type":"ListItem","position":1,"name":"Ana sayfa","item":"https:\/\/toramanmakina.com\/en\/"},{"@type":"ListItem","position":2,"name":"About Us"}]},{"@type":"WebSite","@id":"https:\/\/toramanmakina.com\/#website","url":"https:\/\/toramanmakina.com\/","name":"Toraman Makina \u0130malat Sanayii","description":"Maden, \u0130n\u015faat, Kimya ve G\u0131da Sanayii \u00dcretim Makinalar\u0131","potentialAction":[{"@type":"SearchAction","target":{"@type":"EntryPoint","urlTemplate":"https:\/\/toramanmakina.com\/?s={search_term_string}"},"query-input":{"@type":"PropertyValueSpecification","valueRequired":true,"valueName":"search_term_string"}}],"inLanguage":"en-US"}]}},"_links":{"self":[{"href":"https:\/\/toramanmakina.com\/en\/wp-json\/wp\/v2\/pages\/3266"}],"collection":[{"href":"https:\/\/toramanmakina.com\/en\/wp-json\/wp\/v2\/pages"}],"about":[{"href":"https:\/\/toramanmakina.com\/en\/wp-json\/wp\/v2\/types\/page"}],"author":[{"embeddable":true,"href":"https:\/\/toramanmakina.com\/en\/wp-json\/wp\/v2\/users\/2"}],"replies":[{"embeddable":true,"href":"https:\/\/toramanmakina.com\/en\/wp-json\/wp\/v2\/comments?post=3266"}],"version-history":[{"count":0,"href":"https:\/\/toramanmakina.com\/en\/wp-json\/wp\/v2\/pages\/3266\/revisions"}],"wp:attachment":[{"href":"https:\/\/toramanmakina.com\/en\/wp-json\/wp\/v2\/media?parent=3266"}],"curies":[{"name":"wp","href":"https:\/\/api.w.org\/{rel}","templated":true}]}}