{"id":3264,"date":"2017-03-14T15:10:35","date_gmt":"2017-03-14T13:10:35","guid":{"rendered":"https:\/\/toramanmakina.com\/?page_id=3264"},"modified":"2017-03-14T15:10:35","modified_gmt":"2017-03-14T13:10:35","slug":"contact","status":"publish","type":"page","link":"https:\/\/toramanmakina.com\/en\/contact\/","title":{"rendered":"Contact"},"content":{"rendered":"<div class=\"be-section         clearfix\" data-headerscheme=\"background--light\" style=\" \" id = \"iletisim1\" ><div class=\"be-section-pad clearfix \" style=\" padding-top:64px;padding-bottom:32px;\" data-padding-top = \"64\"><div  class=\"be-row be-wrap clearfix \"><div  class=\"one-third column-block  no-background    \" data-animation=\"\" style=\"  \"><div class=\"be-custom-column-inner\"><i class=\"icon-map2 title-icon circled medium 0 align-left\" style=\"background-color:;color:#000000;border-color: #000000\" data-animation=\"fadeIn\"><\/i><div class=\"title-with-icon 0 medium circled align-left\" data-animation=\"fadeIn\"><h6>Address<\/h6>\n<p>\u0130vedik Organize Sanayi B\u00f6lgesi 1473. Sok. No&nbsp;20 OST\u0130M \/ ANKARA<\/p>\n<\/div><\/div><\/div><div  class=\"one-third column-block  no-background    \" data-animation=\"\" style=\"  \"><div class=\"be-custom-column-inner\"><i class=\"icon-icon_contacts_alt title-icon circled medium 0 align-left\" style=\"background-color:;color:#000000;border-color: #000000\" data-animation=\"fadeIn\"><\/i><div class=\"title-with-icon 0 medium circled align-left\" data-animation=\"fadeIn\"><h6>Contact Information<\/h6>\n<p><strong>Tel :<\/strong> +90 (312) 395 38 56<br \/>\n<strong>Fax:<\/strong> +90 (312) 395 23 30<\/p>\n<\/div><\/div><\/div><div  class=\"one-third column-block  no-background    \" data-animation=\"\" style=\"  \"><div class=\"be-custom-column-inner\"><i class=\"icon-icon_mail_alt title-icon circled medium 0 align-left\" style=\"background-color:;color:#000000;border-color: #000000\" data-animation=\"fadeIn\"><\/i><div class=\"title-with-icon 0 medium circled align-left\" data-animation=\"fadeIn\"><h6>Email<\/h6>\n<p><a href=\"mailto:info@toramanmakina.com\">info@toramanmakina.com<\/a><br \/>\n<a href=\"mailto:toraman@toramanmakina.com\">toraman@toramanmakina.com<\/a><\/p>\n<\/div><\/div><\/div><\/div><\/div><\/div><div class=\"be-section         clearfix\" data-headerscheme=\"background--light\" style=\" \"  ><div class=\"be-section-pad clearfix \" style=\" padding-top:32px;padding-bottom:32px;\" data-padding-top = \"32\"><div  class=\"be-row be-wrap clearfix \"><div  class=\"one-half column-block  no-background    \" data-animation=\"\" style=\"  \"><div class=\"be-custom-column-inner\">\n<div class=\"wpcf7 no-js\" id=\"wpcf7-f5-o1\" lang=\"tr-TR\" dir=\"ltr\">\n<div class=\"screen-reader-response\"><p role=\"status\" aria-live=\"polite\" aria-atomic=\"true\"><\/p> <ul><\/ul><\/div>\n<form action=\"\/en\/wp-json\/wp\/v2\/pages\/3264#wpcf7-f5-o1\" method=\"post\" class=\"wpcf7-form init\" aria-label=\"\u0130leti\u015fim Formu\" novalidate=\"novalidate\" data-status=\"init\">\n<div style=\"display: none;\">\n<input type=\"hidden\" name=\"_wpcf7\" value=\"5\" \/>\n<input type=\"hidden\" name=\"_wpcf7_version\" value=\"5.9.8\" \/>\n<input type=\"hidden\" name=\"_wpcf7_locale\" value=\"tr_TR\" \/>\n<input type=\"hidden\" name=\"_wpcf7_unit_tag\" value=\"wpcf7-f5-o1\" \/>\n<input type=\"hidden\" name=\"_wpcf7_container_post\" value=\"0\" \/>\n<input type=\"hidden\" name=\"_wpcf7_posted_data_hash\" value=\"\" \/>\n<\/div>\n<p>Ad\u0131n\u0131z (gerekli)\n<\/p>\n<p><span class=\"wpcf7-form-control-wrap\" data-name=\"your-name\"><input size=\"40\" maxlength=\"400\" class=\"wpcf7-form-control wpcf7-text wpcf7-validates-as-required\" aria-required=\"true\" aria-invalid=\"false\" value=\"\" type=\"text\" name=\"your-name\" \/><\/span>\n<\/p>\n<p>Epostan\u0131z (gerekli)\n<\/p>\n<p><span class=\"wpcf7-form-control-wrap\" data-name=\"your-email\"><input size=\"40\" maxlength=\"400\" class=\"wpcf7-form-control wpcf7-email wpcf7-validates-as-required wpcf7-text wpcf7-validates-as-email\" aria-required=\"true\" aria-invalid=\"false\" value=\"\" type=\"email\" name=\"your-email\" \/><\/span>\n<\/p>\n<p>Konu\n<\/p>\n<p><span class=\"wpcf7-form-control-wrap\" data-name=\"your-subject\"><input size=\"40\" maxlength=\"400\" class=\"wpcf7-form-control wpcf7-text wpcf7-validates-as-required\" aria-required=\"true\" aria-invalid=\"false\" value=\"\" type=\"text\" name=\"your-subject\" \/><\/span>\n<\/p>\n<p>Mesaj\u0131n\u0131z\n<\/p>\n<p><span class=\"wpcf7-form-control-wrap\" data-name=\"your-message\"><textarea cols=\"40\" rows=\"10\" maxlength=\"2000\" class=\"wpcf7-form-control wpcf7-textarea\" aria-invalid=\"false\" name=\"your-message\"><\/textarea><\/span>\n<\/p>\n<p><input type=\"hidden\" name=\"contact_form_7_recaptcha\" value=\"g-recaptcha-zfsZ1hqcpuhZwpS\" class=\"g-recaptcha-explicit-id\"><div id=\"g-recaptcha-zfsZ1hqcpuhZwpS\"><\/div><span class=\"wpcf7-form-control-wrap g-recaptcha-explicit\" data-sitekey=\"6Lf-bB4UAAAAAKk5mgB3C92qtKrTM16TLKQuwVQ5\"><\/span>\n<\/p>\n<p><input class=\"wpcf7-form-control wpcf7-submit has-spinner\" type=\"submit\" value=\"G\u00f6nder\" \/>\n<\/p><p style=\"display: none !important;\" class=\"akismet-fields-container\" data-prefix=\"_wpcf7_ak_\"><label>&#916;<textarea name=\"_wpcf7_ak_hp_textarea\" cols=\"45\" rows=\"8\" maxlength=\"100\"><\/textarea><\/label><input type=\"hidden\" id=\"ak_js_1\" name=\"_wpcf7_ak_js\" value=\"108\"\/><script>document.getElementById( \"ak_js_1\" ).setAttribute( \"value\", ( new Date() ).getTime() );<\/script><\/p><div class=\"wpcf7-response-output\" aria-hidden=\"true\"><\/div>\n<\/form>\n<\/div>\n<\/div><\/div><div  class=\"one-half column-block  no-background    \" data-animation=\"\" style=\"  \"><div class=\"be-custom-column-inner\"><div class=\"linebreak hide-mobile\" style=\"height:28px;\"><\/div><p><iframe loading=\"lazy\" style=\"border: 0;\" src=\"https:\/\/www.google.com\/maps\/embed?pb=!1m18!1m12!1m3!1d1528.3688445930275!2d32.73650315813513!3d39.99196694978833!2m3!1f0!2f0!3f0!3m2!1i1024!2i768!4f13.1!3m3!1m2!1s0x14d349f4616351e5%3A0x6fece83aa231f061!2sSerhat+Mahallesi%2C+1473.+Sk.+No%3A20%2C+06378+%C4%B0vedik+Osb%2FYenimahalle%2FAnkara!5e0!3m2!1str!2str!4v1533982961901\" width=\"551\" height=\"472\" frameborder=\"0\" allowfullscreen=\"allowfullscreen\"><\/iframe><\/p>\n<\/div><\/div><\/div><\/div><\/div>","protected":false},"excerpt":{"rendered":"<p>Address \u0130vedik Organize Sanayi B\u00f6lgesi 1473. Sok. No&nbsp;20 OST\u0130M \/ ANKARA Contact Information Tel : +90 (312) 395 38 56 Fax: +90 (312) 395 23 30 Email info@toramanmakina.com toraman@toramanmakina.com Ad\u0131n\u0131z [&hellip;]<\/p>\n<p><a href=\"https:\/\/toramanmakina.com\/en\/contact\/\" class=\"more-link style1-button\">Read More<\/a><\/p>","protected":false},"author":2,"featured_media":0,"parent":0,"menu_order":0,"comment_status":"open","ping_status":"open","template":"","meta":{"footnotes":""},"class_list":["post-3264","page","type-page","status-publish","hentry"],"yoast_head":"<!-- This site is optimized with the Yoast SEO plugin v23.6 - https:\/\/yoast.com\/wordpress\/plugins\/seo\/ -->\n<title>Contact - Toraman Makina \u0130malat Sanayii<\/title>\n<meta name=\"robots\" content=\"index, follow, max-snippet:-1, max-image-preview:large, max-video-preview:-1\" \/>\n<link rel=\"canonical\" href=\"https:\/\/toramanmakina.com\/en\/contact\/\" \/>\n<meta property=\"og:locale\" content=\"en_US\" \/>\n<meta property=\"og:type\" content=\"article\" \/>\n<meta property=\"og:title\" content=\"Contact - Toraman Makina \u0130malat Sanayii\" \/>\n<meta property=\"og:description\" content=\"Address \u0130vedik Organize Sanayi B\u00f6lgesi 1473. Sok. No&nbsp;20 OST\u0130M \/ ANKARA Contact Information Tel : +90 (312) 395 38 56 Fax: +90 (312) 395 23 30 Email info@toramanmakina.com toraman@toramanmakina.com Ad\u0131n\u0131z [&hellip;]\" \/>\n<meta property=\"og:url\" content=\"https:\/\/toramanmakina.com\/en\/contact\/\" \/>\n<meta property=\"og:site_name\" content=\"Toraman Makina \u0130malat Sanayii\" \/>\n<meta name=\"twitter:card\" content=\"summary_large_image\" \/>\n<script type=\"application\/ld+json\" class=\"yoast-schema-graph\">{\"@context\":\"https:\/\/schema.org\",\"@graph\":[{\"@type\":\"WebPage\",\"@id\":\"https:\/\/toramanmakina.com\/en\/contact\/\",\"url\":\"https:\/\/toramanmakina.com\/en\/contact\/\",\"name\":\"Contact - Toraman Makina \u0130malat Sanayii\",\"isPartOf\":{\"@id\":\"https:\/\/toramanmakina.com\/#website\"},\"datePublished\":\"2017-03-14T13:10:35+00:00\",\"dateModified\":\"2017-03-14T13:10:35+00:00\",\"breadcrumb\":{\"@id\":\"https:\/\/toramanmakina.com\/en\/contact\/#breadcrumb\"},\"inLanguage\":\"en-US\",\"potentialAction\":[{\"@type\":\"ReadAction\",\"target\":[\"https:\/\/toramanmakina.com\/en\/contact\/\"]}]},{\"@type\":\"BreadcrumbList\",\"@id\":\"https:\/\/toramanmakina.com\/en\/contact\/#breadcrumb\",\"itemListElement\":[{\"@type\":\"ListItem\",\"position\":1,\"name\":\"Ana sayfa\",\"item\":\"https:\/\/toramanmakina.com\/en\/\"},{\"@type\":\"ListItem\",\"position\":2,\"name\":\"Contact\"}]},{\"@type\":\"WebSite\",\"@id\":\"https:\/\/toramanmakina.com\/#website\",\"url\":\"https:\/\/toramanmakina.com\/\",\"name\":\"Toraman Makina \u0130malat Sanayii\",\"description\":\"Maden, \u0130n\u015faat, Kimya ve G\u0131da Sanayii \u00dcretim Makinalar\u0131\",\"potentialAction\":[{\"@type\":\"SearchAction\",\"target\":{\"@type\":\"EntryPoint\",\"urlTemplate\":\"https:\/\/toramanmakina.com\/?s={search_term_string}\"},\"query-input\":{\"@type\":\"PropertyValueSpecification\",\"valueRequired\":true,\"valueName\":\"search_term_string\"}}],\"inLanguage\":\"en-US\"}]}<\/script>\n<!-- \/ Yoast SEO plugin. -->","yoast_head_json":{"title":"Contact - Toraman Makina \u0130malat Sanayii","robots":{"index":"index","follow":"follow","max-snippet":"max-snippet:-1","max-image-preview":"max-image-preview:large","max-video-preview":"max-video-preview:-1"},"canonical":"https:\/\/toramanmakina.com\/en\/contact\/","og_locale":"en_US","og_type":"article","og_title":"Contact - Toraman Makina \u0130malat Sanayii","og_description":"Address \u0130vedik Organize Sanayi B\u00f6lgesi 1473. Sok. No&nbsp;20 OST\u0130M \/ ANKARA Contact Information Tel : +90 (312) 395 38 56 Fax: +90 (312) 395 23 30 Email info@toramanmakina.com toraman@toramanmakina.com Ad\u0131n\u0131z [&hellip;]","og_url":"https:\/\/toramanmakina.com\/en\/contact\/","og_site_name":"Toraman Makina \u0130malat Sanayii","twitter_card":"summary_large_image","schema":{"@context":"https:\/\/schema.org","@graph":[{"@type":"WebPage","@id":"https:\/\/toramanmakina.com\/en\/contact\/","url":"https:\/\/toramanmakina.com\/en\/contact\/","name":"Contact - Toraman Makina \u0130malat Sanayii","isPartOf":{"@id":"https:\/\/toramanmakina.com\/#website"},"datePublished":"2017-03-14T13:10:35+00:00","dateModified":"2017-03-14T13:10:35+00:00","breadcrumb":{"@id":"https:\/\/toramanmakina.com\/en\/contact\/#breadcrumb"},"inLanguage":"en-US","potentialAction":[{"@type":"ReadAction","target":["https:\/\/toramanmakina.com\/en\/contact\/"]}]},{"@type":"BreadcrumbList","@id":"https:\/\/toramanmakina.com\/en\/contact\/#breadcrumb","itemListElement":[{"@type":"ListItem","position":1,"name":"Ana sayfa","item":"https:\/\/toramanmakina.com\/en\/"},{"@type":"ListItem","position":2,"name":"Contact"}]},{"@type":"WebSite","@id":"https:\/\/toramanmakina.com\/#website","url":"https:\/\/toramanmakina.com\/","name":"Toraman Makina \u0130malat Sanayii","description":"Maden, \u0130n\u015faat, Kimya ve G\u0131da Sanayii \u00dcretim Makinalar\u0131","potentialAction":[{"@type":"SearchAction","target":{"@type":"EntryPoint","urlTemplate":"https:\/\/toramanmakina.com\/?s={search_term_string}"},"query-input":{"@type":"PropertyValueSpecification","valueRequired":true,"valueName":"search_term_string"}}],"inLanguage":"en-US"}]}},"_links":{"self":[{"href":"https:\/\/toramanmakina.com\/en\/wp-json\/wp\/v2\/pages\/3264"}],"collection":[{"href":"https:\/\/toramanmakina.com\/en\/wp-json\/wp\/v2\/pages"}],"about":[{"href":"https:\/\/toramanmakina.com\/en\/wp-json\/wp\/v2\/types\/page"}],"author":[{"embeddable":true,"href":"https:\/\/toramanmakina.com\/en\/wp-json\/wp\/v2\/users\/2"}],"replies":[{"embeddable":true,"href":"https:\/\/toramanmakina.com\/en\/wp-json\/wp\/v2\/comments?post=3264"}],"version-history":[{"count":0,"href":"https:\/\/toramanmakina.com\/en\/wp-json\/wp\/v2\/pages\/3264\/revisions"}],"wp:attachment":[{"href":"https:\/\/toramanmakina.com\/en\/wp-json\/wp\/v2\/media?parent=3264"}],"curies":[{"name":"wp","href":"https:\/\/api.w.org\/{rel}","templated":true}]}}