{"id":3262,"date":"2017-03-14T14:46:13","date_gmt":"2017-03-14T12:46:13","guid":{"rendered":"https:\/\/toramanmakina.com\/?page_id=3262"},"modified":"2017-03-14T14:46:13","modified_gmt":"2017-03-14T12:46:13","slug":"references","status":"publish","type":"page","link":"https:\/\/toramanmakina.com\/en\/references\/","title":{"rendered":"References"},"content":{"rendered":"<div class=\"be-section         clearfix\" data-headerscheme=\"background--dark\" style=\" \" id = \"referanslar01\" ><div class=\"be-section-pad clearfix \" style=\" padding-top:0px;padding-bottom:0px;\" data-padding-top = \"0\"><div  class=\"be-row be-wrap clearfix zero-bottom \"><div  class=\"one-col column-block clearfix  no-background    \" data-animation=\"\" style=\"  \"><div class=\"be-custom-column-inner\"><div class=\"special-heading-wrap style3 scrollToFade\" data-animation=\"fadeIn\"><div class=\"special-heading align-center\"><h4 class=\"special-h-tag\" style=\"color: \">References<\/h4><\/div><div class=\"caption-wrap\"><h6 style=\"color:#bbbbbb; font-size: 16px;\" class=\"caption \">Toraman Machine's Experience Table<span class=\"caption-inner\" style=\"background-color:#efefef;\"><\/span><\/h6><\/div><\/div><\/div><\/div><\/div><\/div><\/div><div class=\"be-section         clearfix\" data-headerscheme=\"background--dark\" style=\" \"  ><div class=\"be-section-pad clearfix \" style=\" padding-top:32px;padding-bottom:90px;\" data-padding-top = \"32\"><div  class=\"be-row be-wrap clearfix zero-bottom \"><div  class=\"one-half column-block  no-background    \" data-animation=\"\" style=\"  \"><div class=\"be-custom-column-inner\"><h4>Mine Industry<\/h4>\n\n<table id=\"tablepress-1\" class=\"tablepress tablepress-id-1\">\n<tbody class=\"row-hover\">\n<tr class=\"row-1 odd\">\n\t<td class=\"column-1\">KARDEM\u0130R Karab\u00fck Demir \u00c7elik A. \u015e.\t<\/td><td class=\"column-2\">Karab\u00fck<\/td>\n<\/tr>\n<tr class=\"row-2 even\">\n\t<td class=\"column-1\">MA\u015e Magnesit A. \u015e.\t<\/td><td class=\"column-2\">Eski\u015fehir<\/td>\n<\/tr>\n<tr class=\"row-3 odd\">\n\t<td class=\"column-1\">ET\u0130 MADEN \u0130\u015fletmeleri Bor Tesisleri\t<\/td><td class=\"column-2\">Eski\u015fehir \/ K\u00fctahya \/ Bal\u0131kesir<\/td>\n<\/tr>\n<tr class=\"row-4 even\">\n\t<td class=\"column-1\">PARK TERM\u0130K A. \u015e.<\/td><td class=\"column-2\">Kahraman Mara\u015f \/ Elbistan<\/td>\n<\/tr>\n<tr class=\"row-5 odd\">\n\t<td class=\"column-1\">ET\u0130 SODA \u00dcretim Paz. Nak. Elektrik \u00dcr. San. Tic. A. \u015e.<\/td><td class=\"column-2\">Beypazar\u0131 \/ Ankara<\/td>\n<\/tr>\n<tr class=\"row-6 even\">\n\t<td class=\"column-1\">M\u0130KROM\u0130N Maden San. Tic. A. \u015e.\t<\/td><td class=\"column-2\">Nev\u015fehir \/ G\u00fcl\u015fehir<\/td>\n<\/tr>\n<tr class=\"row-7 odd\">\n\t<td class=\"column-1\">CNR GROUP \/ Madencilik <\/td><td class=\"column-2\">\u00c7atala\u011fz\u0131 \/ Zonguldak<\/td>\n<\/tr>\n<tr class=\"row-8 even\">\n\t<td class=\"column-1\">G\u00d6KMENO\u011eLU Madencilik<\/td><td class=\"column-2\">\u00c7ank\u0131r\u0131 \/ Kur\u015funlu<\/td>\n<\/tr>\n<tr class=\"row-9 odd\">\n\t<td class=\"column-1\">BAZ\u0130K Ate\u015f Tu\u011flas\u0131 Tic. San. Ltd. \u015eti.\t<\/td><td class=\"column-2\">\u0130stanbul  <\/td>\n<\/tr>\n<tr class=\"row-10 even\">\n\t<td class=\"column-1\">COMAG<\/td><td class=\"column-2\">Bursa \/ Gemlik<\/td>\n<\/tr>\n<\/tbody>\n<\/table>\n<!-- #tablepress-1 from cache --><h4>Cement Plaster and Lime Production Industry<\/h4>\n\n<table id=\"tablepress-2\" class=\"tablepress tablepress-id-2\">\n<tbody class=\"row-hover\">\n<tr class=\"row-1 odd\">\n\t<td class=\"column-1\">ABS Al\u00e7\u0131 ve Blok San A.\u015e.\t<\/td><td class=\"column-2\">Bilecik \/ Ankara<\/td>\n<\/tr>\n<tr class=\"row-2 even\">\n\t<td class=\"column-1\">ANKARA Al\u00e7\u0131 San. ve Tic. A. \u015e.\t<\/td><td class=\"column-2\">Ankara<\/td>\n<\/tr>\n<tr class=\"row-3 odd\">\n\t<td class=\"column-1\">ATA Yap\u0131 \u00dcr\u00fcnleri San. ve Tic. Ltd. \u015eT\u0130.\t<\/td><td class=\"column-2\">Ankara<\/td>\n<\/tr>\n<tr class=\"row-4 even\">\n\t<td class=\"column-1\">ASTA\u015e Al\u00e7\u0131 Sanayii\t Tic. A. \u015e.<\/td><td class=\"column-2\">Ankara<\/td>\n<\/tr>\n<tr class=\"row-5 odd\">\n\t<td class=\"column-1\">BALDUDAK Al\u00e7\u0131 Fabrikas\u0131\t<\/td><td class=\"column-2\">\u00c7ank\u0131r\u0131<\/td>\n<\/tr>\n<tr class=\"row-6 even\">\n\t<td class=\"column-1\">ERC\u0130YES K\u0130RE\u00c7 Kire\u00e7 ve Tu\u011fla Kimya San. A. \u015e.<\/td><td class=\"column-2\">Kayseri<\/td>\n<\/tr>\n<tr class=\"row-7 odd\">\n\t<td class=\"column-1\">NUH \u00c7imento<\/td><td class=\"column-2\">Hereke \/ \u0130zmit<\/td>\n<\/tr>\n<\/tbody>\n<\/table>\n<!-- #tablepress-2 from cache --><h4>Paper and Cardboard Manufacturing Industry<\/h4>\n\n<table id=\"tablepress-6\" class=\"tablepress tablepress-id-6\">\n<tbody class=\"row-hover\">\n<tr class=\"row-1 odd\">\n\t<td class=\"column-1\">MODERN KARTON Sanayi Ticaret A.\u015e\t<\/td><td class=\"column-2\">\u00c7orlu<\/td>\n<\/tr>\n<\/tbody>\n<\/table>\n<!-- #tablepress-6 from cache --><\/div><\/div><div  class=\"one-half column-block  no-background    \" data-animation=\"\" style=\"  \"><div class=\"be-custom-column-inner\"><h4>Construction Materials and Machinery Manufacturing Industry<\/h4>\n\n<table id=\"tablepress-3\" class=\"tablepress tablepress-id-3\">\n<tbody class=\"row-hover\">\n<tr class=\"row-1 odd\">\n\t<td class=\"column-1\">B\u0130K Asbest San. Tic. Ltd. \u015eti.<\/td><td class=\"column-2\">\u0130stanbul<\/td>\n<\/tr>\n<tr class=\"row-2 even\">\n\t<td class=\"column-1\">\u00c7A\u011eLAR Plastik San. A.\u015e.\t<\/td><td class=\"column-2\">Antalya<\/td>\n<\/tr>\n<tr class=\"row-3 odd\">\n\t<td class=\"column-1\">\u00c7\u0130MENTA\u015e-Gaz betonu\t<\/td><td class=\"column-2\">\u0130zmir<\/td>\n<\/tr>\n<tr class=\"row-4 even\">\n\t<td class=\"column-1\">RPT Renkli Prese Ta\u015f\t<\/td><td class=\"column-2\">\u0130stanbul<\/td>\n<\/tr>\n<tr class=\"row-5 odd\">\n\t<td class=\"column-1\">TOPRAK Seniteri ve \u0130zolat\u00f6r San. A.\u015e.<\/td><td class=\"column-2\">Bilecik \/ Boz\u00fcy\u00fck<\/td>\n<\/tr>\n<tr class=\"row-6 even\">\n\t<td class=\"column-1\">G\u00dcRB\u00dcZ Makine \u0130malat Paz. \u0130n\u015f. San. Tic. Ltd. \u015eti.<\/td><td class=\"column-2\">Elaz\u0131\u011f<\/td>\n<\/tr>\n<tr class=\"row-7 odd\">\n\t<td class=\"column-1\">H\u0130DROMEK A. \u015e.\t<\/td><td class=\"column-2\">Ankara<\/td>\n<\/tr>\n<tr class=\"row-8 even\">\n\t<td class=\"column-1\">AYDIN \u0130n\u015faat Makina San. ve Tic. Ltd. \u015eT\u0130.<\/td><td class=\"column-2\">Ankara<\/td>\n<\/tr>\n<tr class=\"row-9 odd\">\n\t<td class=\"column-1\">\u00d6ZKAN Boya Madencilik San. Tic. Ltd. \u015eti.<\/td><td class=\"column-2\">Nev\u015fehir \/ Avanos<\/td>\n<\/tr>\n<tr class=\"row-10 even\">\n\t<td class=\"column-1\">YTONG T\u00fcrk Ytong San. A. \u015e.\t<\/td><td class=\"column-2\">Antalya<\/td>\n<\/tr>\n<\/tbody>\n<\/table>\n<!-- #tablepress-3 from cache --><h4>Construction Companies<\/h4>\n\n<table id=\"tablepress-4\" class=\"tablepress tablepress-id-4\">\n<tbody class=\"row-hover\">\n<tr class=\"row-1 odd\">\n\t<td class=\"column-1\">ERTU\u011eRUL \u0130N\u015e. A. \u015e. <\/td><td class=\"column-2\">Ankara<\/td>\n<\/tr>\n<\/tbody>\n<\/table>\n<!-- #tablepress-4 from cache --><h4>Industrial Plant and Machine Manufacturers<\/h4>\n\n<table id=\"tablepress-5\" class=\"tablepress tablepress-id-5\">\n<tbody class=\"row-hover\">\n<tr class=\"row-1 odd\">\n\t<td class=\"column-1\">S\u0130TERM Is\u0131 Sanayi A.\u015e\t<\/td><td class=\"column-2\">\u0130stanbul<\/td>\n<\/tr>\n<tr class=\"row-2 even\">\n\t<td class=\"column-1\">BERSEY S\u0131nai ve T\u0131bbi Cihazlar \u0130ml. Tic. Ltd. \u015eti.\t<\/td><td class=\"column-2\">\u0130stanbul<\/td>\n<\/tr>\n<tr class=\"row-3 odd\">\n\t<td class=\"column-1\">SANTEK Sanayi Tesisleri \u0130malat ve Tic. A. \u015e.<\/td><td class=\"column-2\">\u0130stanbul<\/td>\n<\/tr>\n<tr class=\"row-4 even\">\n\t<td class=\"column-1\">ERSEL A\u011f\u0131r Makine San. Tic. A. \u015e. \t<\/td><td class=\"column-2\">Kocaeli \/ Gebze<\/td>\n<\/tr>\n<tr class=\"row-5 odd\">\n\t<td class=\"column-1\">\u00d6ZASLAN MAK\u0130NA, End\u00fcstriyel Tesisler imalat Montaj<\/td><td class=\"column-2\">Ni\u011fde<\/td>\n<\/tr>\n<tr class=\"row-6 even\">\n\t<td class=\"column-1\">DESA M\u00fchendislik ve Yat\u0131r\u0131m Mallar\u0131 San. A. \u015e.\t<\/td><td class=\"column-2\">\u0130zmir<\/td>\n<\/tr>\n<tr class=\"row-7 odd\">\n\t<td class=\"column-1\">PAS\u0130NER End\u00fcstriyel Tesisleri<\/td><td class=\"column-2\">Ankara<\/td>\n<\/tr>\n<\/tbody>\n<\/table>\n<!-- #tablepress-5 from cache --><\/div><\/div><\/div><div  class=\"be-row be-wrap clearfix zero-bottom \"><div  class=\"one-half column-block  no-background    \" data-animation=\"\" style=\"  \"><div class=\"be-custom-column-inner\"><div class=\"linebreak \" style=\"height:8px;\"><\/div><h4>Chemistry and Rubber Industry<\/h4>\n\n<table id=\"tablepress-7\" class=\"tablepress tablepress-id-7\">\n<tbody class=\"row-hover\">\n<tr class=\"row-1 odd\">\n\t<td class=\"column-1\">ALK\u0130M Alkali Kimya Sanayi A. \u015e.\t<\/td><td class=\"column-2\">Konya \/ Afyon \/ Konya<\/td>\n<\/tr>\n<tr class=\"row-2 even\">\n\t<td class=\"column-1\">PETK\u0130M Petro Kimya Tesisleri<\/td><td class=\"column-2\">\u0130zmit <\/td>\n<\/tr>\n<tr class=\"row-3 odd\">\n\t<td class=\"column-1\">PETLAS A. \u015e<\/td><td class=\"column-2\">K\u0131r\u015fehir<\/td>\n<\/tr>\n<tr class=\"row-4 even\">\n\t<td class=\"column-1\">TARK\u0130M Tar\u0131msal Kimya Teknolojileri San. ve Tic. A. \u015e.<\/td><td class=\"column-2\">Bursa<\/td>\n<\/tr>\n<tr class=\"row-5 odd\">\n\t<td class=\"column-1\">\u00c7UKUROVA Kimya End\u00fcstrisi A.\u015e.<\/td><td class=\"column-2\">Manisa<\/td>\n<\/tr>\n<tr class=\"row-6 even\">\n\t<td class=\"column-1\">ACISELSAN Sel\u00fcloz San. ve Tic. A. \u015e.<\/td><td class=\"column-2\">Denizli \/ Ac\u0131payam<\/td>\n<\/tr>\n<tr class=\"row-7 odd\">\n\t<td class=\"column-1\">BULSAN Kimya San. ve Tic. Ltd. \u015eti.\t<\/td><td class=\"column-2\">\u0130stanbul<\/td>\n<\/tr>\n<tr class=\"row-8 even\">\n\t<td class=\"column-1\">EKSTA\u015e Yat\u0131r\u0131mlar Holding\t<\/td><td class=\"column-2\">Ankara<\/td>\n<\/tr>\n<tr class=\"row-9 odd\">\n\t<td class=\"column-1\">K\u0130MA K\u0130MYA San. Ltd. \u015eti.\t<\/td><td class=\"column-2\">Ankara<\/td>\n<\/tr>\n<tr class=\"row-10 even\">\n\t<td class=\"column-1\">M\u0130D\u0130LT\u0130P\u0130 Zirai \u0130la\u00e7lar A.\u015e.\t<\/td><td class=\"column-2\">\u0130stanbul<\/td>\n<\/tr>\n<tr class=\"row-11 odd\">\n\t<td class=\"column-1\">\u00d6ZK\u0130MSAN Kimya ve \u0130n\u015f. Malz. San. Tic. Ltd. \u015eti.\t<\/td><td class=\"column-2\">Bolu<\/td>\n<\/tr>\n<\/tbody>\n<\/table>\n<!-- #tablepress-7 from cache --><h4>Woodworking Plants and Sunta and MDF Manufacturing Industry<\/h4>\n\n<table id=\"tablepress-8\" class=\"tablepress tablepress-id-8\">\n<tbody class=\"row-hover\">\n<tr class=\"row-1 odd\">\n\t<td class=\"column-1\">KASTAMONU Entegre A\u011fa\u00e7 San. ve Tic. A.\u015e.<\/td><td class=\"column-2\">Kastamonu \/ Samsun<\/td>\n<\/tr>\n<tr class=\"row-2 even\">\n\t<td class=\"column-1\">YONGPAN Entegre A\u011fa\u00e7 San. ve Tic. A.\u015e.<\/td><td class=\"column-2\">Kastamonu<\/td>\n<\/tr>\n<tr class=\"row-3 odd\">\n\t<td class=\"column-1\">SFC Entegre Orman \u00dcr\u00fcnleri San. ve Tic. A.\u015e. <\/td><td class=\"column-2\">Kastamonu<\/td>\n<\/tr>\n<tr class=\"row-4 even\">\n\t<td class=\"column-1\">YILDIZ ENTEGRE A\u011fa\u00e7 San. Tic. Ltd. \u015eti.<\/td><td class=\"column-2\">Bolu<\/td>\n<\/tr>\n<tr class=\"row-5 odd\">\n\t<td class=\"column-1\">GBS Genta\u015f Bolu Sanayii <\/td><td class=\"column-2\">Bolu<\/td>\n<\/tr>\n<tr class=\"row-6 even\">\n\t<td class=\"column-1\">GENTA\u015e Genel Metal San. Tic. A. \u015e.\t<\/td><td class=\"column-2\">Bolu \/ Mengen<\/td>\n<\/tr>\n<tr class=\"row-7 odd\">\n\t<td class=\"column-1\">DEVREKTA\u015e Devrek Orman \u00dcr\u00fcnleri San. ve Tic. A.\u015e.<\/td><td class=\"column-2\">Zonguldak \/ Devrek<\/td>\n<\/tr>\n<tr class=\"row-8 even\">\n\t<td class=\"column-1\">TEVERPAN A\u011fa\u00e7 San. A.\u015e.\t<\/td><td class=\"column-2\">Tekirda\u011f \/ \u00c7erkezk\u00f6y<\/td>\n<\/tr>\n<\/tbody>\n<\/table>\n<!-- #tablepress-8 from cache --><h4>Food and Beverage Machinery Manufacturing Industry<\/h4>\n\n<table id=\"tablepress-10\" class=\"tablepress tablepress-id-10\">\n<tbody class=\"row-hover\">\n<tr class=\"row-1 odd\">\n\t<td class=\"column-1\">ALEV \u0130NOKS Makina San. ve Tic. Ltd. \u015eti.<\/td><td class=\"column-2\">\u0130stanbul<\/td>\n<\/tr>\n<tr class=\"row-2 even\">\n\t<td class=\"column-1\">ET\u0130 Makina San. ve Tic. A. \u015e.\t<\/td><td class=\"column-2\">Eski\u015fehir<\/td>\n<\/tr>\n<tr class=\"row-3 odd\">\n\t<td class=\"column-1\">ET\u0130 G\u0131da<\/td><td class=\"column-2\">Eski\u015fehir<\/td>\n<\/tr>\n<tr class=\"row-4 even\">\n\t<td class=\"column-1\">HAL\u0130T UZUN Makina San. ve Tic. Ltd. \u015eT\u0130.<\/td><td class=\"column-2\">\u0130skenderun<\/td>\n<\/tr>\n<tr class=\"row-5 odd\">\n\t<td class=\"column-1\">KROMEL A. \u015e.<\/td><td class=\"column-2\">Adapazar\u0131 <\/td>\n<\/tr>\n<\/tbody>\n<\/table>\n<!-- #tablepress-10 from cache --><\/div><\/div><div  class=\"one-half column-block  no-background    \" data-animation=\"\" style=\"  \"><div class=\"be-custom-column-inner\"><div class=\"linebreak \" style=\"height:8px;\"><\/div><h4>Food and Beverage Production Industry<\/h4>\n\n<table id=\"tablepress-9\" class=\"tablepress tablepress-id-9\">\n<tbody class=\"row-hover\">\n<tr class=\"row-1 odd\">\n\t<td class=\"column-1\">ANADOLU EFES Birac\u0131l\u0131k ve Malt Sanayi A.\u015e.<\/td><td class=\"column-2\">Afyon \/ Konya<\/td>\n<\/tr>\n<tr class=\"row-2 even\">\n\t<td class=\"column-1\">AROMA Bursa Meyve Sular\u0131 ve G\u0131da San. A.\u015e.<\/td><td class=\"column-2\">Bursa<\/td>\n<\/tr>\n<tr class=\"row-3 odd\">\n\t<td class=\"column-1\">ASYA Meyve Suyu ve G\u0131da San. A.\u015e.\t<\/td><td class=\"column-2\">Isparta \/ E\u011firdir<\/td>\n<\/tr>\n<tr class=\"row-4 even\">\n\t<td class=\"column-1\">ADAPAZARI \u015eeker Fabrikas\u0131<\/td><td class=\"column-2\">Adapazar\u0131<\/td>\n<\/tr>\n<tr class=\"row-5 odd\">\n\t<td class=\"column-1\">KAYSER\u0130 \u015eeker Fabrikas\u0131\t<\/td><td class=\"column-2\">Kayseri<\/td>\n<\/tr>\n<tr class=\"row-6 even\">\n\t<td class=\"column-1\">ELMA SU Elma ve Di\u011fer Meyveler \u00d6z\u00fc ve Sular\u0131 San. Tic. A.\u015e.<\/td><td class=\"column-2\">Isparta<\/td>\n<\/tr>\n<tr class=\"row-7 odd\">\n\t<td class=\"column-1\">VATAN Konserve San. ve Tic. A.\u015e.<\/td><td class=\"column-2\">Bursa<\/td>\n<\/tr>\n<tr class=\"row-8 even\">\n\t<td class=\"column-1\">PARK GIDA ve Me\u015frubat San. ve Tic. A. \u015e.\t<\/td><td class=\"column-2\">Tekirda\u011f \/ \u00c7erkezk\u00f6y<\/td>\n<\/tr>\n<tr class=\"row-9 odd\">\n\t<td class=\"column-1\">TAT TOHUMCULUK A.\u015e.\t<\/td><td class=\"column-2\">Bursa \/ Karacabey<\/td>\n<\/tr>\n<tr class=\"row-10 even\">\n\t<td class=\"column-1\">TEKEL Gazi Bira ve Sincan Transit Ambar\u0131\t<\/td><td class=\"column-2\">Ankara<\/td>\n<\/tr>\n<tr class=\"row-11 odd\">\n\t<td class=\"column-1\">KEMSAN Kayseri Et Kemik Unu A. \u015e.<\/td><td class=\"column-2\">Kayseri<\/td>\n<\/tr>\n<tr class=\"row-12 even\">\n\t<td class=\"column-1\">\u00d6ZBU\u011eDAY A. \u015e.\t<\/td><td class=\"column-2\">Antakya \/ Hatay<\/td>\n<\/tr>\n<tr class=\"row-13 odd\">\n\t<td class=\"column-1\">Y\u00dcCEL \u00c7ELT\u0130K Bakliyat G\u0131da San. A. \u015e.<\/td><td class=\"column-2\">Bal\u0131kesir \/ G\u00f6nen<\/td>\n<\/tr>\n<tr class=\"row-14 even\">\n\t<td class=\"column-1\">MARMARA YA\u011e Sanayi<\/td><td class=\"column-2\">Nil\u00fcfer \/ Bursa<\/td>\n<\/tr>\n<tr class=\"row-15 odd\">\n\t<td class=\"column-1\">MARO TARIM A. \u015e.<\/td><td class=\"column-2\">Ankara<\/td>\n<\/tr>\n<\/tbody>\n<\/table>\n<!-- #tablepress-9 from cache --><h4>Automotive Industry<\/h4>\n\n<table id=\"tablepress-11\" class=\"tablepress tablepress-id-11\">\n<tbody class=\"row-hover\">\n<tr class=\"row-1 odd\">\n\t<td class=\"column-1\">AKMOSAN Aksaray Motor Sanayii A.\u015e.<\/td><td class=\"column-2\">Aksaray<\/td>\n<\/tr>\n<tr class=\"row-2 even\">\n\t<td class=\"column-1\">MAN Motor San. Tic. A.\u015e.<\/td><td class=\"column-2\">Ankara<\/td>\n<\/tr>\n<tr class=\"row-3 odd\">\n\t<td class=\"column-1\">MAN Kamyon ve Otob\u00fcs San. A. \u015e. <\/td><td class=\"column-2\">Ankara<\/td>\n<\/tr>\n<\/tbody>\n<\/table>\n<!-- #tablepress-11 from cache --><\/div><\/div><\/div><\/div><\/div>","protected":false},"excerpt":{"rendered":"<p>ReferencesToraman Machine&#8217;s Experience TableMine Industry KARDEM\u0130R Karab\u00fck Demir \u00c7elik A. \u015e. Karab\u00fck MA\u015e Magnesit A. \u015e. Eski\u015fehir ET\u0130 MADEN \u0130\u015fletmeleri Bor Tesisleri Eski\u015fehir \/ K\u00fctahya \/ Bal\u0131kesir PARK TERM\u0130K A. [&hellip;]<\/p>\n<p><a href=\"https:\/\/toramanmakina.com\/en\/references\/\" class=\"more-link style1-button\">Read More<\/a><\/p>","protected":false},"author":2,"featured_media":0,"parent":0,"menu_order":0,"comment_status":"closed","ping_status":"closed","template":"","meta":{"footnotes":""},"class_list":["post-3262","page","type-page","status-publish","hentry"],"yoast_head":"<!-- This site is optimized with the Yoast SEO plugin v23.6 - https:\/\/yoast.com\/wordpress\/plugins\/seo\/ -->\n<title>References - Toraman Makina \u0130malat Sanayii<\/title>\n<meta name=\"robots\" content=\"index, follow, max-snippet:-1, max-image-preview:large, max-video-preview:-1\" \/>\n<link rel=\"canonical\" href=\"https:\/\/toramanmakina.com\/en\/references\/\" \/>\n<meta property=\"og:locale\" content=\"en_US\" \/>\n<meta property=\"og:type\" content=\"article\" \/>\n<meta property=\"og:title\" content=\"References - Toraman Makina \u0130malat Sanayii\" \/>\n<meta property=\"og:description\" content=\"ReferencesToraman Machine&#039;s Experience TableMine Industry KARDEM\u0130R Karab\u00fck Demir \u00c7elik A. \u015e. Karab\u00fck MA\u015e Magnesit A. \u015e. Eski\u015fehir ET\u0130 MADEN \u0130\u015fletmeleri Bor Tesisleri Eski\u015fehir \/ K\u00fctahya \/ Bal\u0131kesir PARK TERM\u0130K A. [&hellip;]\" \/>\n<meta property=\"og:url\" content=\"https:\/\/toramanmakina.com\/en\/references\/\" \/>\n<meta property=\"og:site_name\" content=\"Toraman Makina \u0130malat Sanayii\" \/>\n<meta name=\"twitter:card\" content=\"summary_large_image\" \/>\n<script type=\"application\/ld+json\" class=\"yoast-schema-graph\">{\"@context\":\"https:\/\/schema.org\",\"@graph\":[{\"@type\":\"WebPage\",\"@id\":\"https:\/\/toramanmakina.com\/en\/references\/\",\"url\":\"https:\/\/toramanmakina.com\/en\/references\/\",\"name\":\"References - Toraman Makina \u0130malat Sanayii\",\"isPartOf\":{\"@id\":\"https:\/\/toramanmakina.com\/#website\"},\"datePublished\":\"2017-03-14T12:46:13+00:00\",\"dateModified\":\"2017-03-14T12:46:13+00:00\",\"breadcrumb\":{\"@id\":\"https:\/\/toramanmakina.com\/en\/references\/#breadcrumb\"},\"inLanguage\":\"en-US\",\"potentialAction\":[{\"@type\":\"ReadAction\",\"target\":[\"https:\/\/toramanmakina.com\/en\/references\/\"]}]},{\"@type\":\"BreadcrumbList\",\"@id\":\"https:\/\/toramanmakina.com\/en\/references\/#breadcrumb\",\"itemListElement\":[{\"@type\":\"ListItem\",\"position\":1,\"name\":\"Ana sayfa\",\"item\":\"https:\/\/toramanmakina.com\/en\/\"},{\"@type\":\"ListItem\",\"position\":2,\"name\":\"References\"}]},{\"@type\":\"WebSite\",\"@id\":\"https:\/\/toramanmakina.com\/#website\",\"url\":\"https:\/\/toramanmakina.com\/\",\"name\":\"Toraman Makina \u0130malat Sanayii\",\"description\":\"Maden, \u0130n\u015faat, Kimya ve G\u0131da Sanayii \u00dcretim Makinalar\u0131\",\"potentialAction\":[{\"@type\":\"SearchAction\",\"target\":{\"@type\":\"EntryPoint\",\"urlTemplate\":\"https:\/\/toramanmakina.com\/?s={search_term_string}\"},\"query-input\":{\"@type\":\"PropertyValueSpecification\",\"valueRequired\":true,\"valueName\":\"search_term_string\"}}],\"inLanguage\":\"en-US\"}]}<\/script>\n<!-- \/ Yoast SEO plugin. -->","yoast_head_json":{"title":"References - Toraman Makina \u0130malat Sanayii","robots":{"index":"index","follow":"follow","max-snippet":"max-snippet:-1","max-image-preview":"max-image-preview:large","max-video-preview":"max-video-preview:-1"},"canonical":"https:\/\/toramanmakina.com\/en\/references\/","og_locale":"en_US","og_type":"article","og_title":"References - Toraman Makina \u0130malat Sanayii","og_description":"ReferencesToraman Machine's Experience TableMine Industry KARDEM\u0130R Karab\u00fck Demir \u00c7elik A. \u015e. Karab\u00fck MA\u015e Magnesit A. \u015e. Eski\u015fehir ET\u0130 MADEN \u0130\u015fletmeleri Bor Tesisleri Eski\u015fehir \/ K\u00fctahya \/ Bal\u0131kesir PARK TERM\u0130K A. [&hellip;]","og_url":"https:\/\/toramanmakina.com\/en\/references\/","og_site_name":"Toraman Makina \u0130malat Sanayii","twitter_card":"summary_large_image","schema":{"@context":"https:\/\/schema.org","@graph":[{"@type":"WebPage","@id":"https:\/\/toramanmakina.com\/en\/references\/","url":"https:\/\/toramanmakina.com\/en\/references\/","name":"References - Toraman Makina \u0130malat Sanayii","isPartOf":{"@id":"https:\/\/toramanmakina.com\/#website"},"datePublished":"2017-03-14T12:46:13+00:00","dateModified":"2017-03-14T12:46:13+00:00","breadcrumb":{"@id":"https:\/\/toramanmakina.com\/en\/references\/#breadcrumb"},"inLanguage":"en-US","potentialAction":[{"@type":"ReadAction","target":["https:\/\/toramanmakina.com\/en\/references\/"]}]},{"@type":"BreadcrumbList","@id":"https:\/\/toramanmakina.com\/en\/references\/#breadcrumb","itemListElement":[{"@type":"ListItem","position":1,"name":"Ana sayfa","item":"https:\/\/toramanmakina.com\/en\/"},{"@type":"ListItem","position":2,"name":"References"}]},{"@type":"WebSite","@id":"https:\/\/toramanmakina.com\/#website","url":"https:\/\/toramanmakina.com\/","name":"Toraman Makina \u0130malat Sanayii","description":"Maden, \u0130n\u015faat, Kimya ve G\u0131da Sanayii \u00dcretim Makinalar\u0131","potentialAction":[{"@type":"SearchAction","target":{"@type":"EntryPoint","urlTemplate":"https:\/\/toramanmakina.com\/?s={search_term_string}"},"query-input":{"@type":"PropertyValueSpecification","valueRequired":true,"valueName":"search_term_string"}}],"inLanguage":"en-US"}]}},"_links":{"self":[{"href":"https:\/\/toramanmakina.com\/en\/wp-json\/wp\/v2\/pages\/3262"}],"collection":[{"href":"https:\/\/toramanmakina.com\/en\/wp-json\/wp\/v2\/pages"}],"about":[{"href":"https:\/\/toramanmakina.com\/en\/wp-json\/wp\/v2\/types\/page"}],"author":[{"embeddable":true,"href":"https:\/\/toramanmakina.com\/en\/wp-json\/wp\/v2\/users\/2"}],"replies":[{"embeddable":true,"href":"https:\/\/toramanmakina.com\/en\/wp-json\/wp\/v2\/comments?post=3262"}],"version-history":[{"count":0,"href":"https:\/\/toramanmakina.com\/en\/wp-json\/wp\/v2\/pages\/3262\/revisions"}],"wp:attachment":[{"href":"https:\/\/toramanmakina.com\/en\/wp-json\/wp\/v2\/media?parent=3262"}],"curies":[{"name":"wp","href":"https:\/\/api.w.org\/{rel}","templated":true}]}}